{"id":4797,"date":"2018-05-23T07:24:31","date_gmt":"2018-05-23T07:24:31","guid":{"rendered":"https:\/\/mazzoleniart.com\/privacy-2\/"},"modified":"2018-05-25T09:43:01","modified_gmt":"2018-05-25T09:43:01","slug":"privacy-policy","status":"publish","type":"page","link":"https:\/\/mazzoleniart.com\/it\/privacy-policy\/","title":{"rendered":"Privacy Policy"},"content":{"rendered":"<p>&nbsp;<\/p>\n<p>&nbsp;<\/p>\n<p>La Privacy Policy ha ad oggetto i dati di clienti e potenziali clienti, fornitori, artisti, contatti e altri soggetti interessati di cui Mazzoleni Art Ltd. e Mazzoleni Galleria d\u2019Arte s.r.l. sono titolari. Per \u201cdati\u201d intendiamo le informazioni su di voi che raccogliamo, trasferiamo e conserviamo.<\/p>\n<p>In questa Privacy Policy, i termini \u201cnoi\u201d e \u201cnostri\u201d si riferiscono a Mazzoleni Art Ltd., societ\u00e0 registrata in Inghilterra con n. 08974439, con sede legale in Albemarle Street n. 27, W1S 4HZ Londra e Mazzoleni Galleria d\u2019Arte s.r.l, societ\u00e0 registrata in Italia con n. TO-664343, con sede legale in Piazza Solferino n. 2, IT-10121 Torino (congiuntamente, \u201cMazzoleni\u201d) e i termini \u201cvoi\u201d e \u201cvostri\u201d si riferiscono ai soggetti interessati dal trattamento dei dati.<\/p>\n<p>Mazzoleni Art Ltd. e Mazzoleni Galleria d\u2019Arte s.r.l. trattano i dati in qualit\u00e0 di contitolari: in particolare, ciascuna societ\u00e0 \u00e8 responsabile per la raccolta dei dati dai propri clienti, le due societ\u00e0 sono solidalmente responsabili della conservazione e del trattamento dei dati tramite il database condiviso. Potete indirizzare le vostre richieste, comprese quelle relative all\u2019esercizio dei vostri diritti in materia di trattamento dei dati, ad una qualsiasi delle due societ\u00e0 o all\u2019indirizzo comune <a href=\"mailto:privacy@mazzoleniart.com\"><span style=\"color: #999999;\">privacy@mazzoleniart.com<\/span><\/a><\/p>\n<p>Questa Privacy Policy pu\u00f2 essere soggetta a modifiche in qualsiasi momento. Vi incoraggiamo a verificare periodicamente la privacy policy pubblicata sul nostro sito mazzoleniart.com per eventuali modifiche.<\/p>\n<p>&nbsp;<\/p>\n<p><strong>Quali dati raccogliamo<\/strong><\/p>\n<p>nome;<br \/>\ninformazioni di contatto quali indirizzo, indirizzo e-mail e numero di telefono;<br \/>\ninformazioni sul momento di accesso al nostro sito, indirizzo IP, tipo di browser e lingua;<br \/>\ninformazioni relative alla vostra partecipazione e interesse per eventi e fiere;<br \/>\ninformazione che ci fornite di persona, in occasione di eventi e fiere, tramite la compilazione dei moduli sul nostro sito com(il Sito) (ad es. tramite iscrizione alla newsletter) oppure tramite corrispondenza telefonica, e-mail o mezzi analoghi; e<br \/>\ninformazioni relative all\u2019acquisto delle nostre opere d\u2019arte o all\u2019uso dei nostri servizi, compresi i dati di pagamento<\/p>\n<p>Come raccogliamo i dati<br \/>\ncon le informazioni che ci fornite al momento dell\u2019acquisto di opere d\u2019arte o della visita a fiere, mostre o altri eventi sociali<br \/>\ncon le informazioni che ci fornite telefonicamente, per e-mail o via posta<\/p>\n<p>Perch\u00e9 trattiamo i dati<br \/>\nTrattiamo i vostri dati per:<br \/>\nfornire informazioni sulle nostre opere o servizi;<br \/>\ntenervi informati su opere, artisti ed eventi che riteniamo possano interessarvi;<br \/>\neseguire le obbligazioni derivanti dai contratti di cui siete parte;<br \/>\ncomunicare con voi;<br \/>\nadempiere ad obblighi di legge;<br \/>\nper ragioni di sicurezza e per verificare la vostra identit\u00e0.<\/p>\n<p>&nbsp;<\/p>\n<p><strong>Base giuridica del trattamento<\/strong><\/p>\n<p>Il trattamento dei vostri dati \u00e8 necessario:<\/p>\n<p>per l\u2019esecuzione di contratti di cui siete o sarete parte e per eseguire misure precontrattuali su vostra richiesta;<br \/>\nper inviarvi informazioni (anche in forma di email di marketing) o per altri servizi a cui vi siete iscritti inserendo i vostri dati in moduli cartacei o su Internet;<br \/>\nper perseguire il nostro legittimo interesse ad inviarvi e-mail promozionali e altre informazioni su prodotti simili a quelli da voi gi\u00e0 acquistati o su eventi simili a quelli a cui avete gi\u00e0 partecipato;<br \/>\nper adempiere ad obblighi di legge.<\/p>\n<p>In ogni altro caso, tratteremo i vostri dati solo sulla base del vostro consenso.<\/p>\n<p>Per quanto riguarda il trattamento di categorie particolari di dati, richiederemo in ogni caso il vostro consenso salvo che il trattamento sia necessario per adempiere a un obbligo di legge.<\/p>\n<p>&nbsp;<\/p>\n<p><strong>Trasferire i vostri dati a terzi<\/strong><\/p>\n<p>Al di fuori di quanto previsto in questa Privacy Policy, non vendiamo, distribuiamo o concediamo a terzi i vostri dati personali se non con il vostro consenso o sulla base di un obbligo di legge.<br \/>\nI dati che ci fornite possono essere comunicati a societ\u00e0 terze, agenti, fornitori se ci\u00f2 \u00e8 necessario per fornirvi i nostri prodotti o servizi, rispondere alle vostre richieste o per gli altri scopi descritti in questa Privacy Policy.<\/p>\n<p>Possiamo inoltre comunicare i vostri dati a:<br \/>\nforze dell\u2019ordine, altri enti pubblici o soggetti terzi, se la comunicazione \u00e8 imposta da un obbligo di legge; e<br \/>\naltri enti, in caso di fusione, acquisizione o riorganizzazione societaria.<\/p>\n<p>&nbsp;<\/p>\n<p><strong>Trasferire i vostri dati<\/strong><strong> al di fuori dell\u2019Europa<\/strong><\/p>\n<p>I vostri dati potranno essere trasferiti e conservati in paesi al di fuori dell\u2019Area Economica Europea (&#8220;<strong>EEA<\/strong>&#8220;) e potranno essere trattati da personale che lavora per noi o per i nostri fornitori al di fuori dell\u2019EEA.<br \/>\nSe noi o i terzi da noi autorizzati dovessero trasferire i vostri dati al di fuori dell\u2019Area Economica Europea, i destinatari dei dati saranno contrattualmente obbligati a proteggere i dati secondo gli standard osservati nell\u2019Area Economica Europea o comunque saranno obbligati ad aderire a regime internazionali che garantiscono la condivisione sicura di dati. Nel caso di trasferimento da parte nostra, potremo inoltre trasferire i vostri dati se:<br \/>\n(i) il trasferimento \u00e8 diretto ad un paese che offre una tutela adeguata, come riconosciuto dalla Commissione Europea;<br \/>\ne\/o se<br \/>\n(ii) avete acconsentito al trasferimento.<\/p>\n<p>&nbsp;<\/p>\n<p><strong>I vostri diritti<\/strong><\/p>\n<p>In qualsiasi momento, avrete diritto:<br \/>\nad accedere ad una copia di qualsiasi dato personale che vi riguarda e che sia in nostro possesso;<br \/>\nalla rettifica dei vostri dati personali, se ritenete che i dati in nostro possesso non siano accurati;<br \/>\na chiedere la cancellazione dei dati, se ritenete che il trattamento da parte nostra non sia legittimo;<br \/>\na revocare il consenso al trattamento dei dati (nei limiti in cui il trattamento si basa sul consenso previamente ottenuto);<br \/>\na chiedere di non ricevere pi\u00f9 messaggi promozionali, come descritto nel paragrafo dedicato al marketing;<br \/>\nalla limitazione del trattamento dei vostri dati;<br \/>\nalla portabilit\u00e0 dei dati (trasportare i vostri dati altrove) in alcune circostanze;<br \/>\na obiettare al trattamento dei vostri dati in alcune circostanze; e<br \/>\na non essere soggetti a decisioni basate su un trattamento automatizzato ed essere salvaguardati in caso di profilazione basata sui vostri dati personali.<\/p>\n<p>Qualsiasi richiesta di accesso ai dati deve essere inviata per iscritto e faremo il possibile per rispondere in un tempo ragionevole e, in ogni caso, entro un mese nel rispetto della normativa in materia di trattamento dei dati personali. Rispetteremo gli obblighi di legge relativi ai vostri diritti di interessati.<\/p>\n<p>Vogliamo assicurarci che i dati che vi riguardano siano sempre accurati. Per assisterci nell\u2019aggiornamento dei dati, vi chiediamo di informarci in caso di modifica dei dati personali tramite email al seguente indirizzo <span style=\"color: #999999;\"><a style=\"color: #999999;\" href=\"mailto:privacy@mazzoleniart.com\">privacy@mazzoleniart.com<\/a><\/span><\/p>\n<p>&nbsp;<\/p>\n<p>&nbsp;<\/p>\n<p><strong>Marketing<\/strong><\/p>\n<p>Se siete nostri clienti o avete, in ogni caso, prestato il consenso ad essere contattati per ragioni di marketing, potremo usare i vostri dati personali per trasmettervi informazioni sugli eventi, le fiere e le opere di Mazzoleni. Potete disiscrivervi dall\u2019invio della newsletter in qualsiasi momento, seguendo le istruzioni contenute in ciascuna email che vi invieremo.<br \/>\nPotete anche disiscrivervi dalla nostra mailing list in qualsiasi momento, cos\u00ec disabilitando l\u2019invio di email o altre comunicazioni, tramite una richiesta via email a <span style=\"color: #999999;\"><a style=\"color: #999999;\" href=\"mailto:privacy@mazzoleniart.com\">privacy@mazzoleniart.com<\/a><\/span><\/p>\n<p>Se vi disiscrivete dalle email di marketing, continueremo a trattare i vostri dati per inviarvi offerte mirate sui nostri servizi o per informarvi su specifiche opere d\u2019arte.<\/p>\n<p>Se non desiderate essere contattati in questo modo o volete essere definitivamente rimossi dal nostro database, scriveteci a <span style=\"color: #999999;\"><a style=\"color: #999999;\" href=\"mailto:privacy@mazzoleniart.com\">privacy@mazzoleniart.com<\/a><\/span><\/p>\n<p>Daremo seguito alle vostre richieste senza indugio.<\/p>\n<p>&nbsp;<\/p>\n<p><strong>Per quanto tempo conserviamo i vostri dati?<\/strong><\/p>\n<p>Conserviamo i vostri dati per il tempo necessario ai fini sopra descritti o per la durata imposta da obblighi di legge. Ci\u00f2 significa che controlleremo periodicamente i nostri archivi per verificare che i dati siano accurati, aggiornati e ancora necessari.<br \/>\nSe siamo autorizzati a trasmettervi comunicazioni di marketing, potremo conservare i vostri dati per questo scopo finch\u00e9 non riceveremo una vostra richiesta di cancellazione.<\/p>\n<p>&nbsp;<\/p>\n<p><strong>Sicurezza<\/strong><\/p>\n<p>Ci impegniamo a garantire la sicurezza dei vostri dati. Per prevenire accessi o comunicazioni non autorizzate, abbiamo posto in essere misure fisiche, elettroniche e organizzative adeguate per salvaguardare e mettere in sicurezza i dati che raccogliamo tramite il Sito.<\/p>\n<p>&nbsp;<\/p>\n<p><strong>Richieste<\/strong><\/p>\n<p>Domande, commenti e richieste relative a questa policy sono ben accette e possono essere inviate a <span style=\"color: #999999;\"><a style=\"color: #999999;\" href=\"mailto:privacy@mazzoleniart.com\">privacy@mazzoleniart.com<br \/>\n<\/a><\/span>Se avete delle lamentele su come trattiamo i vostri dati, potete rivolgervi all\u2019autorit\u00e0 garante del vostro paese di residenza oppure del paese in cui si \u00e8 verificata la violazione. Potete trovare informazioni sull\u2019autorit\u00e0 competente all\u2019indirizzo: <span style=\"color: #999999;\"><a style=\"color: #999999;\" href=\"http:\/\/ec.europa.eu\/justice\/article-29\/structure\/data-protection-authorities\/index_en.htm\">http:\/\/ec.europa.eu\/justice\/article-29\/structure\/data-protection-authorities\/index_en.htm<\/a>\u00a0<\/span><\/p>\n<p>&nbsp;<\/p>\n<p><strong>Come usiamo i cookies<\/strong><\/p>\n<p>Un cookie \u00e8 un piccolo file che chiede il permesso di essere installato sull\u2019hard drive del vostro computer. Una volta accettato, il file viene aggiunto e il cookie aiuta ad analizzare il traffico in rete o vi informa della visita di un sito particolare.<br \/>\nUtilizziamo cookies di analisi del traffico web per identificare le pagine che visitate. Questo ci permette di analizzare informazioni sul traffico web e migliorare il nostro sito per adattarlo alle esigenze degli utenti. Utilizziamo questi dati a soli scopi statistici, dopodich\u00e9 li rimuoviamo dal sistema.<\/p>\n<p>Un cookie non ci d\u00e0 accesso al vostro computer n\u00e9 trasmette informazioni su di voi, al di fuori dei dati che decidete di condividere con noi.<br \/>\nPotete decider di accettare o rifiutare i cookies. La maggior parte dei browser accetta automaticamente I cookies, ma potete modificare le impostazioni del browser per rifiutare i cookies. Ci\u00f2 potrebbe impedire un uso ottimale del Sito.<\/p>\n<p>&nbsp;<\/p>\n","protected":false},"excerpt":{"rendered":"<p>&nbsp; &nbsp; La Privacy Policy ha ad oggetto i dati di clienti e potenziali clienti, fornitori, artisti, contatti e altri soggetti interessati di cui Mazzoleni Art Ltd. e Mazzoleni Galleria d\u2019Arte s.r.l. sono titolari. Per \u201cdati\u201d intendiamo le informazioni su di voi che raccogliamo, trasferiamo e conserviamo. In questa Privacy Policy, i termini \u201cnoi\u201d e [&hellip;]<\/p>\n","protected":false},"author":1,"featured_media":0,"parent":0,"menu_order":0,"comment_status":"open","ping_status":"closed","template":"","meta":{"_acf_changed":false,"footnotes":""},"class_list":["post-4797","page","type-page","status-publish","hentry"],"acf":[],"aioseo_notices":[],"_links":{"self":[{"href":"https:\/\/mazzoleniart.com\/it\/wp-json\/wp\/v2\/pages\/4797","targetHints":{"allow":["GET"]}}],"collection":[{"href":"https:\/\/mazzoleniart.com\/it\/wp-json\/wp\/v2\/pages"}],"about":[{"href":"https:\/\/mazzoleniart.com\/it\/wp-json\/wp\/v2\/types\/page"}],"author":[{"embeddable":true,"href":"https:\/\/mazzoleniart.com\/it\/wp-json\/wp\/v2\/users\/1"}],"replies":[{"embeddable":true,"href":"https:\/\/mazzoleniart.com\/it\/wp-json\/wp\/v2\/comments?post=4797"}],"version-history":[{"count":0,"href":"https:\/\/mazzoleniart.com\/it\/wp-json\/wp\/v2\/pages\/4797\/revisions"}],"wp:attachment":[{"href":"https:\/\/mazzoleniart.com\/it\/wp-json\/wp\/v2\/media?parent=4797"}],"curies":[{"name":"wp","href":"https:\/\/api.w.org\/{rel}","templated":true}]}}